{"id":6497,"date":"2025-06-22T04:05:59","date_gmt":"2025-06-22T04:05:59","guid":{"rendered":"https:\/\/janca.com\/home\/?page_id=6497"},"modified":"2025-06-22T04:35:23","modified_gmt":"2025-06-22T04:35:23","slug":"cube-pour-la-paix","status":"publish","type":"page","link":"https:\/\/janca.com\/home\/cube-pour-la-paix\/","title":{"rendered":"CUBE pour la PAIX"},"content":{"rendered":"\t\t<div data-elementor-type=\"wp-page\" data-elementor-id=\"6497\" class=\"elementor elementor-6497\">\n\t\t\t\t<div class=\"elementor-element elementor-element-30755d1 e-flex e-con-boxed e-con e-parent\" data-id=\"30755d1\" data-element_type=\"container\" data-e-type=\"container\">\n\t\t\t\t\t<div class=\"e-con-inner\">\n\t\t\t\t<div class=\"elementor-element elementor-element-8f6794a elementor-widget elementor-widget-text-editor\" data-id=\"8f6794a\" data-element_type=\"widget\" data-e-type=\"widget\" data-widget_type=\"text-editor.default\">\n\t\t\t\t<div class=\"elementor-widget-container\">\n\t\t\t\t\t\t\t\t\t<h3 style=\"text-align: center;\"><strong>\u00a0 \u00a0 \u00a0 \u00a0 \u00a0 \u00a0 \u00a0 \u00a0 \u00a0 \u00a0 \u00a0 \u00a0 \u00a0 \u00a0 \u00a0 \u00a0 \u00a0 \u00a0 \u00a0 \u00a0 \u00a0 \u00a0 \u00a0 \u00a0 \u00a0 \u00a0CUBE pour la PAIX\u00a0 \u00a0 \u00a0 \u00a0 \u00a0 \u00a0 \u00a0 \u00a0 \u00a0 \u00a0 \u00a0 \u00a0 \u00a0 \u00a0 \u00a0 \u00a0 \u00a0 \u00a0 \u00a0 \u00a0 \u00a0 <a href=\"https:\/\/janca.com\/home\/art_instalation\/\"><img decoding=\"async\" class=\"alignnone wp-image-2750\" src=\"https:\/\/janca.com\/home\/wp-content\/uploads\/2025\/04\/fleizqamarilla.png\" alt=\"\" width=\"20\" height=\"15\" \/><\/a><\/strong><\/h3>\t\t\t\t\t\t\t\t<\/div>\n\t\t\t\t<\/div>\n\t\t\t\t\t<\/div>\n\t\t\t\t<\/div>\n\t\t<div class=\"elementor-element elementor-element-aab3b0d e-flex e-con-boxed e-con e-parent\" data-id=\"aab3b0d\" data-element_type=\"container\" data-e-type=\"container\">\n\t\t\t\t\t<div class=\"e-con-inner\">\n\t\t<div class=\"elementor-element elementor-element-930835f e-con-full e-flex e-con e-child\" data-id=\"930835f\" data-element_type=\"container\" data-e-type=\"container\">\n\t\t\t\t<div class=\"elementor-element elementor-element-e41aa96 elementor-widget elementor-widget-text-editor\" data-id=\"e41aa96\" data-element_type=\"widget\" data-e-type=\"widget\" data-widget_type=\"text-editor.default\">\n\t\t\t\t<div class=\"elementor-widget-container\">\n\t\t\t\t\t\t\t\t\t<p style=\"text-align: justify;\">\u00abAvec cette installation je veux inviter le public \u00e0 r\u00e9fl\u00e9chir sur la fa\u00e7on dont nous g\u00e9rons nos \u00e9motions et nos vies lorsque nous avons \u00e9t\u00e9 victimes de violence (enfance, famille, \u00e9cole, couple, travail, rue, d\u00e9linquance, guerre).<\/p><p style=\"text-align: justify;\"><strong>Comment nous vivons \u00e0 cause d\u2019elle. <\/strong><br \/><strong>Comment nous devrions vivre malgr\u00e9 elle.<\/strong><\/p><p style=\"text-align: justify;\">Les personnes qui avons \u00e9t\u00e9 victimes de violence, pour r\u00e9ussir \u00e0 surpasser cette agression et continuer de vivre le mieux possible, devons faire un travail interne sur nous-m\u00eame.<br \/>Il faut entrer dans le concept <strong>du pardon, de la r\u00e9silience \u2026<\/strong><br \/>Ce n\u2019est pas facile, mais c\u2019est n\u00e9cessaire pour chacun d\u2019entre nous.<br \/>Ce n\u2019est qu\u2019ainsi que <strong>nous cesserons d\u2019\u00eatre des victimes.<\/strong><\/p><p style=\"text-align: justify;\">J\u2019invite celui qui voudra faire cette r\u00e9flexion \u00e0 rentrer dans le <strong>\u201cCUBE pour la PAIX\u201d<\/strong>, et apr\u00e8s avoir \u00e9crit sur un BALLON ce qu\u2019il doit pardonner, nous les ferons tous exploser simultan\u00e9ment, et peut-\u00eatre alors, sentirons-nous au plus profond de nous m\u00eames, <strong>un souffle de l\u00e9g\u00e8ret\u00e9\u2026\u00bb<\/strong><\/p><h3 style=\"text-align: right;\"><strong>Janca<\/strong><\/h3>\t\t\t\t\t\t\t\t<\/div>\n\t\t\t\t<\/div>\n\t\t\t\t<\/div>\n\t\t<div class=\"elementor-element elementor-element-e43521b e-con-full e-flex e-con e-child\" data-id=\"e43521b\" data-element_type=\"container\" data-e-type=\"container\">\n\t\t\t\t<div class=\"elementor-element elementor-element-7b6a2a5 elementor-widget elementor-widget-image\" data-id=\"7b6a2a5\" data-element_type=\"widget\" data-e-type=\"widget\" data-widget_type=\"image.default\">\n\t\t\t\t<div class=\"elementor-widget-container\">\n\t\t\t\t\t\t\t\t\t\t\t\t\t\t\t<img decoding=\"async\" src=\"https:\/\/janca.com\/home\/wp-content\/uploads\/elementor\/thumbs\/NUIT-BLANCHE-2015-BGTA-456-scaled-r7n03b3vddfihvqvcx87isb4txl8o3j9gj3kgvrlmo.jpg\" title=\"NUIT BLANCHE 2015 BGTA (456)\" alt=\"NUIT BLANCHE 2015 BGTA (456)\" loading=\"lazy\" \/>\t\t\t\t\t\t\t\t\t\t\t\t\t\t\t<\/div>\n\t\t\t\t<\/div>\n\t\t\t\t<\/div>\n\t\t\t\t\t<\/div>\n\t\t\t\t<\/div>\n\t\t\t\t<\/div>\n\t\t","protected":false},"excerpt":{"rendered":"<p>\u00a0 \u00a0 \u00a0 \u00a0 \u00a0 \u00a0 \u00a0 \u00a0 \u00a0 \u00a0 \u00a0 \u00a0 \u00a0 \u00a0 \u00a0 \u00a0 \u00a0 \u00a0 \u00a0 \u00a0 \u00a0 \u00a0 \u00a0 \u00a0 \u00a0 \u00a0CUBE pour la PAIX\u00a0 \u00a0 \u00a0 \u00a0 \u00a0 \u00a0 \u00a0 \u00a0 \u00a0 \u00a0 \u00a0 \u00a0 \u00a0 \u00a0 \u00a0 \u00a0 \u00a0 \u00a0 \u00a0 \u00a0 \u00a0 \u00abAvec cette installation je veux inviter&hellip;&nbsp;<a href=\"https:\/\/janca.com\/home\/cube-pour-la-paix\/\" rel=\"bookmark\">Leer m\u00e1s &raquo;<span class=\"screen-reader-text\">CUBE pour la PAIX<\/span><\/a><\/p>\n","protected":false},"author":1,"featured_media":0,"parent":0,"menu_order":0,"comment_status":"closed","ping_status":"closed","template":"page-templates\/template-pagebuilder-full-width.php","meta":{"neve_meta_sidebar":"","neve_meta_container":"","neve_meta_enable_content_width":"","neve_meta_content_width":0,"neve_meta_title_alignment":"","neve_meta_author_avatar":"","neve_post_elements_order":"","neve_meta_disable_header":"","neve_meta_disable_footer":"","neve_meta_disable_title":"","neve_meta_reading_time":"","_themeisle_gutenberg_block_has_review":false,"footnotes":""},"class_list":["post-6497","page","type-page","status-publish","hentry"],"_links":{"self":[{"href":"https:\/\/janca.com\/home\/wp-json\/wp\/v2\/pages\/6497","targetHints":{"allow":["GET"]}}],"collection":[{"href":"https:\/\/janca.com\/home\/wp-json\/wp\/v2\/pages"}],"about":[{"href":"https:\/\/janca.com\/home\/wp-json\/wp\/v2\/types\/page"}],"author":[{"embeddable":true,"href":"https:\/\/janca.com\/home\/wp-json\/wp\/v2\/users\/1"}],"replies":[{"embeddable":true,"href":"https:\/\/janca.com\/home\/wp-json\/wp\/v2\/comments?post=6497"}],"version-history":[{"count":34,"href":"https:\/\/janca.com\/home\/wp-json\/wp\/v2\/pages\/6497\/revisions"}],"predecessor-version":[{"id":6536,"href":"https:\/\/janca.com\/home\/wp-json\/wp\/v2\/pages\/6497\/revisions\/6536"}],"wp:attachment":[{"href":"https:\/\/janca.com\/home\/wp-json\/wp\/v2\/media?parent=6497"}],"curies":[{"name":"wp","href":"https:\/\/api.w.org\/{rel}","templated":true}]}}