{"id":639,"date":"2024-12-29T21:45:08","date_gmt":"2024-12-29T21:45:08","guid":{"rendered":"https:\/\/janca.com\/home\/?page_id=639"},"modified":"2026-04-29T18:08:43","modified_gmt":"2026-04-29T18:08:43","slug":"silences","status":"publish","type":"page","link":"https:\/\/janca.com\/home\/silences\/","title":{"rendered":"Silences-"},"content":{"rendered":"\t\t<div data-elementor-type=\"wp-page\" data-elementor-id=\"639\" class=\"elementor elementor-639\">\n\t\t\t\t<div class=\"elementor-element elementor-element-2fc2617 e-grid e-con-boxed e-con e-parent\" data-id=\"2fc2617\" data-element_type=\"container\" data-e-type=\"container\">\n\t\t\t\t\t<div class=\"e-con-inner\">\n\t\t\t\t<div class=\"elementor-element elementor-element-0ebd5f7 elementor-widget elementor-widget-text-editor\" data-id=\"0ebd5f7\" data-element_type=\"widget\" data-e-type=\"widget\" data-widget_type=\"text-editor.default\">\n\t\t\t\t<div class=\"elementor-widget-container\">\n\t\t\t\t\t\t\t\t\t<figure id=\"attachment_1214\" aria-describedby=\"caption-attachment-1214\" style=\"width: 800px\" class=\"wp-caption alignnone\"><a href=\"https:\/\/janca.com\/home\/silences-actoi\/\"><img fetchpriority=\"high\" decoding=\"async\" class=\"wp-image-1214 size-full\" src=\"https:\/\/janca.com\/home\/wp-content\/uploads\/2025\/02\/POSTAL-act-I-MEDEA-a.jpg\" alt=\"\" width=\"800\" height=\"550\" srcset=\"https:\/\/janca.com\/home\/wp-content\/uploads\/2025\/02\/POSTAL-act-I-MEDEA-a.jpg 800w, https:\/\/janca.com\/home\/wp-content\/uploads\/2025\/02\/POSTAL-act-I-MEDEA-a-300x206.jpg 300w, https:\/\/janca.com\/home\/wp-content\/uploads\/2025\/02\/POSTAL-act-I-MEDEA-a-768x528.jpg 768w\" sizes=\"(max-width: 800px) 100vw, 800px\" \/><\/a><figcaption id=\"caption-attachment-1214\" class=\"wp-caption-text\">ACT I<\/figcaption><\/figure><p><a href=\"https:\/\/janca.com\/home\/silences-acto1\/\"><img decoding=\"async\" class=\"alignnone size-full wp-image-1023 aligncenter\" src=\"https:\/\/janca.com\/home\/wp-content\/uploads\/2025\/02\/play.png\" alt=\"\" width=\"50\" height=\"50\" \/><\/a><\/p>\t\t\t\t\t\t\t\t<\/div>\n\t\t\t\t<\/div>\n\t\t\t\t<div class=\"elementor-element elementor-element-16f108f elementor-widget elementor-widget-text-editor\" data-id=\"16f108f\" data-element_type=\"widget\" data-e-type=\"widget\" data-widget_type=\"text-editor.default\">\n\t\t\t\t<div class=\"elementor-widget-container\">\n\t\t\t\t\t\t\t\t\t<figure id=\"attachment_3930\" aria-describedby=\"caption-attachment-3930\" style=\"width: 800px\" class=\"wp-caption alignnone\"><a href=\"https:\/\/janca.com\/home\/silences-actoii\/\"><img decoding=\"async\" class=\"wp-image-3930 size-full\" src=\"https:\/\/janca.com\/home\/wp-content\/uploads\/2025\/04\/JulioCesar_Home.jpg\" alt=\"\" width=\"800\" height=\"550\" srcset=\"https:\/\/janca.com\/home\/wp-content\/uploads\/2025\/04\/JulioCesar_Home.jpg 800w, https:\/\/janca.com\/home\/wp-content\/uploads\/2025\/04\/JulioCesar_Home-300x206.jpg 300w, https:\/\/janca.com\/home\/wp-content\/uploads\/2025\/04\/JulioCesar_Home-768x528.jpg 768w\" sizes=\"(max-width: 800px) 100vw, 800px\" \/><\/a><figcaption id=\"caption-attachment-3930\" class=\"wp-caption-text\">ACT II<\/figcaption><\/figure><p><a href=\"https:\/\/janca.com\/home\/silences-acto2\/\"><img decoding=\"async\" class=\"alignnone size-full wp-image-1023 aligncenter\" src=\"https:\/\/janca.com\/home\/wp-content\/uploads\/2025\/02\/play.png\" alt=\"\" width=\"50\" height=\"50\" \/><\/a><\/p>\t\t\t\t\t\t\t\t<\/div>\n\t\t\t\t<\/div>\n\t\t\t\t<div class=\"elementor-element elementor-element-3f454a0 elementor-widget elementor-widget-text-editor\" data-id=\"3f454a0\" data-element_type=\"widget\" data-e-type=\"widget\" data-widget_type=\"text-editor.default\">\n\t\t\t\t<div class=\"elementor-widget-container\">\n\t\t\t\t\t\t\t\t\t<figure id=\"attachment_1216\" aria-describedby=\"caption-attachment-1216\" style=\"width: 800px\" class=\"wp-caption alignnone\"><a href=\"https:\/\/janca.com\/home\/silences-actoiii\/\"><img loading=\"lazy\" decoding=\"async\" class=\"wp-image-1216 size-full\" src=\"https:\/\/janca.com\/home\/wp-content\/uploads\/2025\/02\/POSTAL-act-III-LUCRECIA-BORGIA-a.jpg\" alt=\"\" width=\"800\" height=\"550\" srcset=\"https:\/\/janca.com\/home\/wp-content\/uploads\/2025\/02\/POSTAL-act-III-LUCRECIA-BORGIA-a.jpg 800w, https:\/\/janca.com\/home\/wp-content\/uploads\/2025\/02\/POSTAL-act-III-LUCRECIA-BORGIA-a-300x206.jpg 300w, https:\/\/janca.com\/home\/wp-content\/uploads\/2025\/02\/POSTAL-act-III-LUCRECIA-BORGIA-a-768x528.jpg 768w\" sizes=\"(max-width: 800px) 100vw, 800px\" \/><\/a><figcaption id=\"caption-attachment-1216\" class=\"wp-caption-text\">ACT III<\/figcaption><\/figure><p><a href=\"https:\/\/janca.com\/home\/silences-acto3\/\"><img decoding=\"async\" class=\"alignnone size-full wp-image-1023 aligncenter\" src=\"https:\/\/janca.com\/home\/wp-content\/uploads\/2025\/02\/play.png\" alt=\"\" width=\"50\" height=\"50\" \/><\/a><\/p>\t\t\t\t\t\t\t\t<\/div>\n\t\t\t\t<\/div>\n\t\t\t\t\t<\/div>\n\t\t\t\t<\/div>\n\t\t<div class=\"elementor-element elementor-element-4adb3ac e-con-full e-flex elementor-invisible e-con e-parent\" data-id=\"4adb3ac\" data-element_type=\"container\" data-e-type=\"container\" data-settings=\"{&quot;animation&quot;:&quot;zoomIn&quot;}\">\n\t\t\t\t<div class=\"elementor-element elementor-element-8bd4ec7 elementor-widget elementor-widget-text-editor\" data-id=\"8bd4ec7\" data-element_type=\"widget\" data-e-type=\"widget\" data-widget_type=\"text-editor.default\">\n\t\t\t\t<div class=\"elementor-widget-container\">\n\t\t\t\t\t\t\t\t\t<p style=\"text-align: center;\"><span style=\"color: #ffffff;\">SILENCIOS busca crear la reflexi\u00f3n sobre la banalizaci\u00f3n de la violencia en nuestras sociedades, y sobre el rol que juega las artes en esta banalizaci\u00f3n.<\/span><br><span style=\"color: #ffffff;\">Esta nueva serie de retratos pone en escena varias historias inspiradas en el g\u00e9nero musical de la \u00f3pera.<\/span><br><span style=\"color: #ffffff;\">Los protagonistas son la violencia, los celos, el odio, el poder, la venganza, la locura humana.<\/span><br><span style=\"color: #ffffff;\">Los libretos de estas \u00f3peras no tienen nada que envidiar a las telenovelas latino-americanas.<\/span><br><span style=\"color: #ffffff;\">Son el retrato de esas pasiones y dramas que deleitan al p\u00fablico.<\/span><\/p>\t\t\t\t\t\t\t\t<\/div>\n\t\t\t\t<\/div>\n\t\t\t\t<\/div>\n\t\t<div class=\"elementor-element elementor-element-97ced81 e-flex e-con-boxed e-con e-parent\" data-id=\"97ced81\" data-element_type=\"container\" data-e-type=\"container\">\n\t\t\t\t\t<div class=\"e-con-inner\">\n\t\t<div class=\"elementor-element elementor-element-d92c826 e-con-full e-flex e-con e-child\" data-id=\"d92c826\" data-element_type=\"container\" data-e-type=\"container\">\n\t\t\t\t<div class=\"elementor-element elementor-element-3389ac8 elementor-button-info elementor-align-center elementor-widget elementor-widget-button\" data-id=\"3389ac8\" data-element_type=\"widget\" data-e-type=\"widget\" data-widget_type=\"button.default\">\n\t\t\t\t<div class=\"elementor-widget-container\">\n\t\t\t\t\t\t\t\t\t<div class=\"elementor-button-wrapper\">\n\t\t\t\t\t<a class=\"elementor-button elementor-button-link elementor-size-sm\" href=\"https:\/\/janca.com\/home\/silences_documentos_historicos\/\">\n\t\t\t\t\t\t<span class=\"elementor-button-content-wrapper\">\n\t\t\t\t\t\t\t\t\t<span class=\"elementor-button-text\">DOCUMENTOS HIST\u00d3RICOS<\/span>\n\t\t\t\t\t<\/span>\n\t\t\t\t\t<\/a>\n\t\t\t\t<\/div>\n\t\t\t\t\t\t\t\t<\/div>\n\t\t\t\t<\/div>\n\t\t\t\t<\/div>\n\t\t<div class=\"elementor-element elementor-element-906da4a e-con-full e-flex e-con e-child\" data-id=\"906da4a\" data-element_type=\"container\" data-e-type=\"container\">\n\t\t\t\t<\/div>\n\t\t<div class=\"elementor-element elementor-element-74a12d7 e-con-full e-flex e-con e-child\" data-id=\"74a12d7\" data-element_type=\"container\" data-e-type=\"container\">\n\t\t\t\t<div class=\"elementor-element elementor-element-b4e9779 elementor-button-info elementor-align-center elementor-widget elementor-widget-button\" data-id=\"b4e9779\" data-element_type=\"widget\" data-e-type=\"widget\" data-widget_type=\"button.default\">\n\t\t\t\t<div class=\"elementor-widget-container\">\n\t\t\t\t\t\t\t\t\t<div class=\"elementor-button-wrapper\">\n\t\t\t\t\t<a class=\"elementor-button elementor-button-link elementor-size-sm\" href=\"https:\/\/janca.com\/home\/silences_press\/\">\n\t\t\t\t\t\t<span class=\"elementor-button-content-wrapper\">\n\t\t\t\t\t\t\t\t\t<span class=\"elementor-button-text\">PRENSA<\/span>\n\t\t\t\t\t<\/span>\n\t\t\t\t\t<\/a>\n\t\t\t\t<\/div>\n\t\t\t\t\t\t\t\t<\/div>\n\t\t\t\t<\/div>\n\t\t\t\t<\/div>\n\t\t\t\t\t<\/div>\n\t\t\t\t<\/div>\n\t\t<div class=\"elementor-element elementor-element-9b86929 e-flex e-con-boxed e-con e-parent\" data-id=\"9b86929\" data-element_type=\"container\" data-e-type=\"container\">\n\t\t\t\t\t<div class=\"e-con-inner\">\n\t\t<div class=\"elementor-element elementor-element-6a41db5 e-con-full e-flex e-con e-child\" data-id=\"6a41db5\" data-element_type=\"container\" data-e-type=\"container\">\n\t\t\t\t<div class=\"elementor-element elementor-element-eb58ac2 elementor-widget elementor-widget-text-editor\" data-id=\"eb58ac2\" data-element_type=\"widget\" data-e-type=\"widget\" data-widget_type=\"text-editor.default\">\n\t\t\t\t<div class=\"elementor-widget-container\">\n\t\t\t\t\t\t\t\t\t<figure id=\"attachment_1253\" aria-describedby=\"caption-attachment-1253\" style=\"width: 300px\" class=\"wp-caption alignnone\"><a href=\"https:\/\/janca.com\/home\/silences-actoiV\/\"><img loading=\"lazy\" decoding=\"async\" class=\"wp-image-1253 size-medium\" src=\"https:\/\/janca.com\/home\/wp-content\/uploads\/2025\/02\/POSTAL-act-IV-MACBETH-a-1-300x206.jpg\" alt=\"\" width=\"300\" height=\"206\" srcset=\"https:\/\/janca.com\/home\/wp-content\/uploads\/2025\/02\/POSTAL-act-IV-MACBETH-a-1-300x206.jpg 300w, https:\/\/janca.com\/home\/wp-content\/uploads\/2025\/02\/POSTAL-act-IV-MACBETH-a-1-768x528.jpg 768w, https:\/\/janca.com\/home\/wp-content\/uploads\/2025\/02\/POSTAL-act-IV-MACBETH-a-1.jpg 800w\" sizes=\"(max-width: 300px) 100vw, 300px\" \/><\/a><figcaption id=\"caption-attachment-1253\" class=\"wp-caption-text\">ACT IV<\/figcaption><\/figure><p><a href=\"https:\/\/janca.com\/home\/silences-acto4\/\"><img decoding=\"async\" class=\"alignnone size-full wp-image-1023 aligncenter\" src=\"https:\/\/janca.com\/home\/wp-content\/uploads\/2025\/02\/play.png\" alt=\"\" width=\"50\" height=\"50\" \/><\/a><\/p>\t\t\t\t\t\t\t\t<\/div>\n\t\t\t\t<\/div>\n\t\t\t\t<\/div>\n\t\t<div class=\"elementor-element elementor-element-8314663 e-con-full e-flex e-con e-child\" data-id=\"8314663\" data-element_type=\"container\" data-e-type=\"container\">\n\t\t\t\t<div class=\"elementor-element elementor-element-0cea654 elementor-widget elementor-widget-text-editor\" data-id=\"0cea654\" data-element_type=\"widget\" data-e-type=\"widget\" data-widget_type=\"text-editor.default\">\n\t\t\t\t<div class=\"elementor-widget-container\">\n\t\t\t\t\t\t\t\t\t<figure id=\"attachment_1254\" aria-describedby=\"caption-attachment-1254\" style=\"width: 300px\" class=\"wp-caption alignnone\"><a href=\"https:\/\/janca.com\/home\/silences-actoV\/\"><img loading=\"lazy\" decoding=\"async\" class=\"wp-image-1254 size-medium\" src=\"https:\/\/janca.com\/home\/wp-content\/uploads\/2025\/02\/POSTAL-act-V-los-HUGONOTES-a-1-300x206.jpg\" alt=\"\" width=\"300\" height=\"206\" srcset=\"https:\/\/janca.com\/home\/wp-content\/uploads\/2025\/02\/POSTAL-act-V-los-HUGONOTES-a-1-300x206.jpg 300w, https:\/\/janca.com\/home\/wp-content\/uploads\/2025\/02\/POSTAL-act-V-los-HUGONOTES-a-1-768x528.jpg 768w, https:\/\/janca.com\/home\/wp-content\/uploads\/2025\/02\/POSTAL-act-V-los-HUGONOTES-a-1.jpg 800w\" sizes=\"(max-width: 300px) 100vw, 300px\" \/><\/a><figcaption id=\"caption-attachment-1254\" class=\"wp-caption-text\">ACT V<\/figcaption><\/figure><p><a href=\"https:\/\/janca.com\/home\/silences-acto5\/\"><img decoding=\"async\" class=\"alignnone size-full wp-image-1023 aligncenter\" src=\"https:\/\/janca.com\/home\/wp-content\/uploads\/2025\/02\/play.png\" alt=\"\" width=\"50\" height=\"50\" \/><\/a><\/p>\t\t\t\t\t\t\t\t<\/div>\n\t\t\t\t<\/div>\n\t\t\t\t<\/div>\n\t\t<div class=\"elementor-element elementor-element-d05a5ea e-con-full e-flex e-con e-child\" data-id=\"d05a5ea\" data-element_type=\"container\" data-e-type=\"container\">\n\t\t\t\t<div class=\"elementor-element elementor-element-a38847f elementor-widget elementor-widget-text-editor\" data-id=\"a38847f\" data-element_type=\"widget\" data-e-type=\"widget\" data-widget_type=\"text-editor.default\">\n\t\t\t\t<div class=\"elementor-widget-container\">\n\t\t\t\t\t\t\t\t\t<figure id=\"attachment_1255\" aria-describedby=\"caption-attachment-1255\" style=\"width: 300px\" class=\"wp-caption alignnone\"><a href=\"https:\/\/janca.com\/home\/silences-actoivi\/\"><img loading=\"lazy\" decoding=\"async\" class=\"wp-image-1255 size-medium\" src=\"https:\/\/janca.com\/home\/wp-content\/uploads\/2025\/02\/POSTAL-act-VI-CARMEN-a-1-300x206.jpg\" alt=\"\" width=\"300\" height=\"206\" srcset=\"https:\/\/janca.com\/home\/wp-content\/uploads\/2025\/02\/POSTAL-act-VI-CARMEN-a-1-300x206.jpg 300w, https:\/\/janca.com\/home\/wp-content\/uploads\/2025\/02\/POSTAL-act-VI-CARMEN-a-1-768x528.jpg 768w, https:\/\/janca.com\/home\/wp-content\/uploads\/2025\/02\/POSTAL-act-VI-CARMEN-a-1.jpg 800w\" sizes=\"(max-width: 300px) 100vw, 300px\" \/><\/a><figcaption id=\"caption-attachment-1255\" class=\"wp-caption-text\">ACT VI<\/figcaption><\/figure><p><a href=\"https:\/\/janca.com\/home\/silences-acto6\/\"><img loading=\"lazy\" decoding=\"async\" class=\"aligncenter wp-image-1023 size-full\" src=\"https:\/\/janca.com\/home\/wp-content\/uploads\/2025\/02\/play.png\" alt=\"\" width=\"50\" height=\"50\" \/><\/a><\/p>\t\t\t\t\t\t\t\t<\/div>\n\t\t\t\t<\/div>\n\t\t\t\t<\/div>\n\t\t<div class=\"elementor-element elementor-element-5396480 e-con-full e-flex e-con e-child\" data-id=\"5396480\" data-element_type=\"container\" data-e-type=\"container\">\n\t\t\t\t<div class=\"elementor-element elementor-element-c57b9c9 elementor-widget elementor-widget-text-editor\" data-id=\"c57b9c9\" data-element_type=\"widget\" data-e-type=\"widget\" data-widget_type=\"text-editor.default\">\n\t\t\t\t<div class=\"elementor-widget-container\">\n\t\t\t\t\t\t\t\t\t<figure id=\"attachment_1265\" aria-describedby=\"caption-attachment-1265\" style=\"width: 300px\" class=\"wp-caption alignnone\"><a href=\"https:\/\/janca.com\/home\/silences-actovii\/\"><img loading=\"lazy\" decoding=\"async\" class=\"wp-image-1265 size-medium\" src=\"https:\/\/janca.com\/home\/wp-content\/uploads\/2025\/02\/POSTAL-act-VII-El-anillo-del-NIBELUNGO-a-1-300x206.jpg\" alt=\"\" width=\"300\" height=\"206\" srcset=\"https:\/\/janca.com\/home\/wp-content\/uploads\/2025\/02\/POSTAL-act-VII-El-anillo-del-NIBELUNGO-a-1-300x206.jpg 300w, https:\/\/janca.com\/home\/wp-content\/uploads\/2025\/02\/POSTAL-act-VII-El-anillo-del-NIBELUNGO-a-1-768x528.jpg 768w, https:\/\/janca.com\/home\/wp-content\/uploads\/2025\/02\/POSTAL-act-VII-El-anillo-del-NIBELUNGO-a-1.jpg 800w\" sizes=\"(max-width: 300px) 100vw, 300px\" \/><\/a><figcaption id=\"caption-attachment-1265\" class=\"wp-caption-text\">ACT VII<\/figcaption><\/figure><p><a href=\"https:\/\/janca.com\/home\/silences-acto7\/\"><img decoding=\"async\" class=\"alignnone size-full wp-image-1023 aligncenter\" src=\"https:\/\/janca.com\/home\/wp-content\/uploads\/2025\/02\/play.png\" alt=\"\" width=\"50\" height=\"50\" \/><\/a><\/p>\t\t\t\t\t\t\t\t<\/div>\n\t\t\t\t<\/div>\n\t\t\t\t<\/div>\n\t\t\t\t\t<\/div>\n\t\t\t\t<\/div>\n\t\t\t\t<\/div>\n\t\t","protected":false},"excerpt":{"rendered":"<p>SILENCIOS busca crear la reflexi\u00f3n sobre la banalizaci\u00f3n de la violencia en nuestras sociedades, y sobre el rol que juega las artes en esta banalizaci\u00f3n.Esta nueva serie de retratos pone en escena varias historias inspiradas en el g\u00e9nero musical de la \u00f3pera.Los protagonistas son la violencia, los celos, el odio, el poder, la venganza, la&hellip;&nbsp;<a href=\"https:\/\/janca.com\/home\/silences\/\" rel=\"bookmark\">Leer m\u00e1s &raquo;<span class=\"screen-reader-text\">Silences-<\/span><\/a><\/p>\n","protected":false},"author":1,"featured_media":668,"parent":0,"menu_order":0,"comment_status":"closed","ping_status":"closed","template":"elementor_header_footer","meta":{"neve_meta_sidebar":"","neve_meta_container":"","neve_meta_enable_content_width":"","neve_meta_content_width":0,"neve_meta_title_alignment":"","neve_meta_author_avatar":"","neve_post_elements_order":"","neve_meta_disable_header":"","neve_meta_disable_footer":"","neve_meta_disable_title":"","neve_meta_reading_time":"","_themeisle_gutenberg_block_has_review":false,"footnotes":""},"class_list":["post-639","page","type-page","status-publish","has-post-thumbnail","hentry"],"_links":{"self":[{"href":"https:\/\/janca.com\/home\/wp-json\/wp\/v2\/pages\/639","targetHints":{"allow":["GET"]}}],"collection":[{"href":"https:\/\/janca.com\/home\/wp-json\/wp\/v2\/pages"}],"about":[{"href":"https:\/\/janca.com\/home\/wp-json\/wp\/v2\/types\/page"}],"author":[{"embeddable":true,"href":"https:\/\/janca.com\/home\/wp-json\/wp\/v2\/users\/1"}],"replies":[{"embeddable":true,"href":"https:\/\/janca.com\/home\/wp-json\/wp\/v2\/comments?post=639"}],"version-history":[{"count":302,"href":"https:\/\/janca.com\/home\/wp-json\/wp\/v2\/pages\/639\/revisions"}],"predecessor-version":[{"id":6835,"href":"https:\/\/janca.com\/home\/wp-json\/wp\/v2\/pages\/639\/revisions\/6835"}],"wp:featuredmedia":[{"embeddable":true,"href":"https:\/\/janca.com\/home\/wp-json\/wp\/v2\/media\/668"}],"wp:attachment":[{"href":"https:\/\/janca.com\/home\/wp-json\/wp\/v2\/media?parent=639"}],"curies":[{"name":"wp","href":"https:\/\/api.w.org\/{rel}","templated":true}]}}