{"id":6155,"date":"2026-04-29T15:16:27","date_gmt":"2026-04-29T15:16:27","guid":{"rendered":"https:\/\/janca.com\/home\/?page_id=6155"},"modified":"2026-04-29T18:26:41","modified_gmt":"2026-04-29T18:26:41","slug":"silences_compras","status":"publish","type":"page","link":"https:\/\/janca.com\/home\/silences_compras\/","title":{"rendered":"Silences_Compra"},"content":{"rendered":"\t\t<div data-elementor-type=\"wp-page\" data-elementor-id=\"6155\" class=\"elementor elementor-6155\">\n\t\t\t\t<div class=\"elementor-element elementor-element-e86ad23 e-flex e-con-boxed e-con e-parent\" data-id=\"e86ad23\" data-element_type=\"container\" data-e-type=\"container\">\n\t\t\t\t\t<div class=\"e-con-inner\">\n\t\t<div class=\"elementor-element elementor-element-8744642 e-con-full e-flex e-con e-child\" data-id=\"8744642\" data-element_type=\"container\" data-e-type=\"container\">\n\t\t\t\t<div class=\"elementor-element elementor-element-5e52f68 elementor-widget__width-initial elementor-invisible elementor-widget elementor-widget-text-editor\" data-id=\"5e52f68\" data-element_type=\"widget\" data-e-type=\"widget\" data-settings=\"{&quot;_animation&quot;:&quot;zoomIn&quot;}\" data-widget_type=\"text-editor.default\">\n\t\t\t\t<div class=\"elementor-widget-container\">\n\t\t\t\t\t\t\t\t\t<p style=\"text-align: center;\"><span style=\"color: #ffffff;\"><strong>\u00a0<\/strong><\/span><\/p><p style=\"text-align: center;\"><span style=\"color: #ffffff;\"><strong>Comprar SILENCIOS<\/strong><\/span><\/p><p style=\"text-align: center;\"><span style=\"color: #ffffff;\">Valor Libro $ 350.000 pesos COP Colombia<\/span><\/p>\t\t\t\t\t\t\t\t<\/div>\n\t\t\t\t<\/div>\n\t\t\t\t<\/div>\n\t\t<div class=\"elementor-element elementor-element-df77257 e-con-full e-flex e-con e-child\" data-id=\"df77257\" data-element_type=\"container\" data-e-type=\"container\">\n\t\t\t\t<div class=\"elementor-element elementor-element-16cbe7c elementor-widget elementor-widget-image\" data-id=\"16cbe7c\" data-element_type=\"widget\" data-e-type=\"widget\" data-widget_type=\"image.default\">\n\t\t\t\t<div class=\"elementor-widget-container\">\n\t\t\t\t\t\t\t\t\t\t\t\t\t\t\t\t<a href=\"https:\/\/janca.com\/home\/\">\n\t\t\t\t\t\t\t<img decoding=\"async\" width=\"31\" height=\"23\" src=\"https:\/\/janca.com\/home\/wp-content\/uploads\/2025\/04\/fleizqamarilla.png\" class=\"attachment-thumbnail size-thumbnail wp-image-2750\" alt=\"\" \/>\t\t\t\t\t\t\t\t<\/a>\n\t\t\t\t\t\t\t\t\t\t\t\t\t\t\t<\/div>\n\t\t\t\t<\/div>\n\t\t\t\t<\/div>\n\t\t\t\t\t<\/div>\n\t\t\t\t<\/div>\n\t\t<div class=\"elementor-element elementor-element-9c51d4a e-flex e-con-boxed e-con e-parent\" data-id=\"9c51d4a\" data-element_type=\"container\" data-e-type=\"container\">\n\t\t\t\t\t<div class=\"e-con-inner\">\n\t\t\t\t<div class=\"elementor-element elementor-element-8f246ba elementor-widget elementor-widget-text-editor\" data-id=\"8f246ba\" data-element_type=\"widget\" data-e-type=\"widget\" data-widget_type=\"text-editor.default\">\n\t\t\t\t<div class=\"elementor-widget-container\">\n\t\t\t\t\t\t\t\t\t<p style=\"text-align: center;\"><span style=\"color: #ffffff;\"><strong>Precios de env\u00edo:<\/strong><\/span><\/p>\t\t\t\t\t\t\t\t<\/div>\n\t\t\t\t<\/div>\n\t\t\t\t\t<\/div>\n\t\t\t\t<\/div>\n\t\t<div class=\"elementor-element elementor-element-17c041f e-flex e-con-boxed e-con e-parent\" data-id=\"17c041f\" data-element_type=\"container\" data-e-type=\"container\" data-settings=\"{&quot;animation&quot;:&quot;none&quot;}\">\n\t\t\t\t\t<div class=\"e-con-inner\">\n\t\t<div class=\"elementor-element elementor-element-d105ace e-con-full e-flex e-con e-child\" data-id=\"d105ace\" data-element_type=\"container\" data-e-type=\"container\">\n\t\t\t\t<div class=\"elementor-element elementor-element-dcd00d2 elementor-widget__width-initial elementor-widget elementor-widget-text-editor\" data-id=\"dcd00d2\" data-element_type=\"widget\" data-e-type=\"widget\" data-widget_type=\"text-editor.default\">\n\t\t\t\t<div class=\"elementor-widget-container\">\n\t\t\t\t\t\t\t\t\t<p style=\"text-align: right;\"><span style=\"color: #ffffff;\">Bogot\u00e1 + $ 16.000<\/span><br \/><span style=\"color: #ffffff;\">Nacional + $ 25.000<\/span><\/p>\t\t\t\t\t\t\t\t<\/div>\n\t\t\t\t<\/div>\n\t\t\t\t<\/div>\n\t\t<div class=\"elementor-element elementor-element-13d7475 e-con-full e-flex e-con e-child\" data-id=\"13d7475\" data-element_type=\"container\" data-e-type=\"container\">\n\t\t\t\t<\/div>\n\t\t<div class=\"elementor-element elementor-element-e7d7479 e-con-full e-flex e-con e-child\" data-id=\"e7d7479\" data-element_type=\"container\" data-e-type=\"container\">\n\t\t\t\t<div class=\"elementor-element elementor-element-dacd14e elementor-widget elementor-widget-text-editor\" data-id=\"dacd14e\" data-element_type=\"widget\" data-e-type=\"widget\" data-widget_type=\"text-editor.default\">\n\t\t\t\t<div class=\"elementor-widget-container\">\n\t\t\t\t\t\t\t\t\t<p><span style=\"color: #ffffff;\">USA + $ 235.000<\/span><br \/><span style=\"color: #ffffff;\">MEXICO + $ 235.000<\/span><br \/><span style=\"color: #ffffff;\">ARGENTINA + $ 260.000<\/span><\/p>\t\t\t\t\t\t\t\t<\/div>\n\t\t\t\t<\/div>\n\t\t\t\t<\/div>\n\t\t\t\t\t<\/div>\n\t\t\t\t<\/div>\n\t\t<div class=\"elementor-element elementor-element-68d6237 e-flex e-con-boxed e-con e-parent\" data-id=\"68d6237\" data-element_type=\"container\" data-e-type=\"container\">\n\t\t\t\t\t<div class=\"e-con-inner\">\n\t\t\t\t<div class=\"elementor-element elementor-element-79a2c7d elementor-widget elementor-widget-text-editor\" data-id=\"79a2c7d\" data-element_type=\"widget\" data-e-type=\"widget\" data-widget_type=\"text-editor.default\">\n\t\t\t\t<div class=\"elementor-widget-container\">\n\t\t\t\t\t\t\t\t\t<p style=\"text-align: center;\"><a href=\"https:\/\/wa.me\/573138120388\" target=\"_blank\" rel=\"noopener\">Env\u00edame un whatsapp con tu solicitud y te dir\u00e9 los pasos a seguir &#8211; NEQUI &#8211; BANCOLOMBIA &#8211; otros<\/a><\/p>\t\t\t\t\t\t\t\t<\/div>\n\t\t\t\t<\/div>\n\t\t\t\t\t<\/div>\n\t\t\t\t<\/div>\n\t\t<div class=\"elementor-element elementor-element-2d4b0b7 e-flex e-con-boxed e-con e-parent\" data-id=\"2d4b0b7\" data-element_type=\"container\" data-e-type=\"container\">\n\t\t\t\t\t<div class=\"e-con-inner\">\n\t\t\t\t<div class=\"elementor-element elementor-element-1c8c0fe elementor-view-default elementor-widget elementor-widget-icon\" data-id=\"1c8c0fe\" data-element_type=\"widget\" data-e-type=\"widget\" data-widget_type=\"icon.default\">\n\t\t\t\t<div class=\"elementor-widget-container\">\n\t\t\t\t\t\t\t<div class=\"elementor-icon-wrapper\">\n\t\t\t<a class=\"elementor-icon\" href=\"https:\/\/wa.me\/573138120388\" target=\"_blank\">\n\t\t\t<svg aria-hidden=\"true\" class=\"e-font-icon-svg e-fab-whatsapp\" viewBox=\"0 0 448 512\" xmlns=\"http:\/\/www.w3.org\/2000\/svg\"><path d=\"M380.9 97.1C339 55.1 283.2 32 223.9 32c-122.4 0-222 99.6-222 222 0 39.1 10.2 77.3 29.6 111L0 480l117.7-30.9c32.4 17.7 68.9 27 106.1 27h.1c122.3 0 224.1-99.6 224.1-222 0-59.3-25.2-115-67.1-157zm-157 341.6c-33.2 0-65.7-8.9-94-25.7l-6.7-4-69.8 18.3L72 359.2l-4.4-7c-18.5-29.4-28.2-63.3-28.2-98.2 0-101.7 82.8-184.5 184.6-184.5 49.3 0 95.6 19.2 130.4 54.1 34.8 34.9 56.2 81.2 56.1 130.5 0 101.8-84.9 184.6-186.6 184.6zm101.2-138.2c-5.5-2.8-32.8-16.2-37.9-18-5.1-1.9-8.8-2.8-12.5 2.8-3.7 5.6-14.3 18-17.6 21.8-3.2 3.7-6.5 4.2-12 1.4-32.6-16.3-54-29.1-75.5-66-5.7-9.8 5.7-9.1 16.3-30.3 1.8-3.7.9-6.9-.5-9.7-1.4-2.8-12.5-30.1-17.1-41.2-4.5-10.8-9.1-9.3-12.5-9.5-3.2-.2-6.9-.2-10.6-.2-3.7 0-9.7 1.4-14.8 6.9-5.1 5.6-19.4 19-19.4 46.3 0 27.3 19.9 53.7 22.6 57.4 2.8 3.7 39.1 59.7 94.8 83.8 35.2 15.2 49 16.5 66.6 13.9 10.7-1.6 32.8-13.4 37.4-26.4 4.6-13 4.6-24.1 3.2-26.4-1.3-2.5-5-3.9-10.5-6.6z\"><\/path><\/svg>\t\t\t<\/a>\n\t\t<\/div>\n\t\t\t\t\t\t<\/div>\n\t\t\t\t<\/div>\n\t\t\t\t\t<\/div>\n\t\t\t\t<\/div>\n\t\t\t\t<\/div>\n\t\t","protected":false},"excerpt":{"rendered":"<p>\u00a0 Comprar SILENCIOS Valor Libro $ 350.000 pesos COP Colombia Precios de env\u00edo: Bogot\u00e1 + $ 16.000Nacional + $ 25.000 USA + $ 235.000MEXICO + $ 235.000ARGENTINA + $ 260.000 Env\u00edame un whatsapp con tu solicitud y te dir\u00e9 los pasos a seguir &#8211; NEQUI &#8211; BANCOLOMBIA &#8211; otros<\/p>\n","protected":false},"author":1,"featured_media":668,"parent":0,"menu_order":0,"comment_status":"closed","ping_status":"closed","template":"elementor_header_footer","meta":{"neve_meta_sidebar":"","neve_meta_container":"","neve_meta_enable_content_width":"","neve_meta_content_width":0,"neve_meta_title_alignment":"","neve_meta_author_avatar":"","neve_post_elements_order":"","neve_meta_disable_header":"","neve_meta_disable_footer":"","neve_meta_disable_title":"","neve_meta_reading_time":"","_themeisle_gutenberg_block_has_review":false,"footnotes":""},"class_list":["post-6155","page","type-page","status-publish","has-post-thumbnail","hentry"],"_links":{"self":[{"href":"https:\/\/janca.com\/home\/wp-json\/wp\/v2\/pages\/6155","targetHints":{"allow":["GET"]}}],"collection":[{"href":"https:\/\/janca.com\/home\/wp-json\/wp\/v2\/pages"}],"about":[{"href":"https:\/\/janca.com\/home\/wp-json\/wp\/v2\/types\/page"}],"author":[{"embeddable":true,"href":"https:\/\/janca.com\/home\/wp-json\/wp\/v2\/users\/1"}],"replies":[{"embeddable":true,"href":"https:\/\/janca.com\/home\/wp-json\/wp\/v2\/comments?post=6155"}],"version-history":[{"count":73,"href":"https:\/\/janca.com\/home\/wp-json\/wp\/v2\/pages\/6155\/revisions"}],"predecessor-version":[{"id":6845,"href":"https:\/\/janca.com\/home\/wp-json\/wp\/v2\/pages\/6155\/revisions\/6845"}],"wp:featuredmedia":[{"embeddable":true,"href":"https:\/\/janca.com\/home\/wp-json\/wp\/v2\/media\/668"}],"wp:attachment":[{"href":"https:\/\/janca.com\/home\/wp-json\/wp\/v2\/media?parent=6155"}],"curies":[{"name":"wp","href":"https:\/\/api.w.org\/{rel}","templated":true}]}}