{"id":4216,"date":"2025-05-02T00:40:52","date_gmt":"2025-05-02T00:40:52","guid":{"rendered":"https:\/\/janca.com\/home\/?page_id=4216"},"modified":"2025-05-02T00:47:55","modified_gmt":"2025-05-02T00:47:55","slug":"silences-esclavas-sexuales","status":"publish","type":"page","link":"https:\/\/janca.com\/home\/silences-esclavas-sexuales\/","title":{"rendered":"Silences_esclavas_sexuales"},"content":{"rendered":"\t\t<div data-elementor-type=\"wp-page\" data-elementor-id=\"4216\" class=\"elementor elementor-4216\">\n\t\t\t\t<div class=\"elementor-element elementor-element-de548cc e-flex e-con-boxed e-con e-parent\" data-id=\"de548cc\" data-element_type=\"container\" data-e-type=\"container\">\n\t\t\t\t\t<div class=\"e-con-inner\">\n\t\t<div class=\"elementor-element elementor-element-1faf87e e-con-full e-flex e-con e-child\" data-id=\"1faf87e\" data-element_type=\"container\" data-e-type=\"container\">\n\t\t\t\t<div class=\"elementor-element elementor-element-5e6164b elementor-widget elementor-widget-text-editor\" data-id=\"5e6164b\" data-element_type=\"widget\" data-e-type=\"widget\" data-widget_type=\"text-editor.default\">\n\t\t\t\t<div class=\"elementor-widget-container\">\n\t\t\t\t\t\t\t\t\t<p style=\"text-align: right;\">PRENSA \/ MUJERES ESCLAVAS<\/p>\t\t\t\t\t\t\t\t<\/div>\n\t\t\t\t<\/div>\n\t\t\t\t<\/div>\n\t\t<div class=\"elementor-element elementor-element-7b152f7 e-con-full e-flex e-con e-child\" data-id=\"7b152f7\" data-element_type=\"container\" data-e-type=\"container\">\n\t\t<div class=\"elementor-element elementor-element-3f8baf3 e-con-full e-flex e-con e-child\" data-id=\"3f8baf3\" data-element_type=\"container\" data-e-type=\"container\">\n\t\t\t\t<div class=\"elementor-element elementor-element-ff83cd7 elementor-widget elementor-widget-image\" data-id=\"ff83cd7\" data-element_type=\"widget\" data-e-type=\"widget\" data-widget_type=\"image.default\">\n\t\t\t\t<div class=\"elementor-widget-container\">\n\t\t\t\t\t\t\t\t\t\t\t\t\t\t\t\t<a href=\"https:\/\/janca.com\/home\/silences_links_prensa\/\">\n\t\t\t\t\t\t\t<img decoding=\"async\" width=\"31\" height=\"23\" src=\"https:\/\/janca.com\/home\/wp-content\/uploads\/2025\/04\/fleizqamarilla.png\" class=\"attachment-large size-large wp-image-2750\" alt=\"\" \/>\t\t\t\t\t\t\t\t<\/a>\n\t\t\t\t\t\t\t\t\t\t\t\t\t\t\t<\/div>\n\t\t\t\t<\/div>\n\t\t\t\t<\/div>\n\t\t\t\t<\/div>\n\t\t\t\t\t<\/div>\n\t\t\t\t<\/div>\n\t\t<div class=\"elementor-element elementor-element-dd4f4b8 e-flex e-con-boxed e-con e-parent\" data-id=\"dd4f4b8\" data-element_type=\"container\" data-e-type=\"container\">\n\t\t\t\t\t<div class=\"e-con-inner\">\n\t\t\t\t<div class=\"elementor-element elementor-element-4bed680 elementor-invisible elementor-widget elementor-widget-text-editor\" data-id=\"4bed680\" data-element_type=\"widget\" data-e-type=\"widget\" data-settings=\"{&quot;_animation&quot;:&quot;zoomIn&quot;}\" data-widget_type=\"text-editor.default\">\n\t\t\t\t<div class=\"elementor-widget-container\">\n\t\t\t\t\t\t\t\t\t<p style=\"text-align: center;\"><span style=\"color: #ff0000;\">ADVERTENCIA &#8211; IMAGENES SENSIBLES.<\/span><\/p>\t\t\t\t\t\t\t\t<\/div>\n\t\t\t\t<\/div>\n\t\t\t\t\t<\/div>\n\t\t\t\t<\/div>\n\t\t<div class=\"elementor-element elementor-element-b499b9b e-flex e-con-boxed e-con e-parent\" data-id=\"b499b9b\" data-element_type=\"container\" data-e-type=\"container\">\n\t\t\t\t\t<div class=\"e-con-inner\">\n\t\t\t\t<div class=\"elementor-element elementor-element-1610b55 elementor-widget elementor-widget-text-editor\" data-id=\"1610b55\" data-element_type=\"widget\" data-e-type=\"widget\" data-widget_type=\"text-editor.default\">\n\t\t\t\t<div class=\"elementor-widget-container\">\n\t\t\t\t\t\t\t\t\t<p style=\"text-align: center;\">La violencia sexual es una pr\u00e1ctica de guerra y de terrorismo.<br \/>Comisi\u00f3n de Cr\u00edmenes de Guerra de la ONU 2008 Resoluci\u00f3n 1820 :<br \/>\u201cla violaci\u00f3n y otras formas de violencia sexual pueden constituir cr\u00edmenes de guerra,<br \/>cr\u00edmenes contra la humanidad o un acto constitutivo de genocidio\u201d.<\/p>\t\t\t\t\t\t\t\t<\/div>\n\t\t\t\t<\/div>\n\t\t\t\t\t<\/div>\n\t\t\t\t<\/div>\n\t\t<div class=\"elementor-element elementor-element-dd009a7 e-flex e-con-boxed e-con e-parent\" data-id=\"dd009a7\" data-element_type=\"container\" data-e-type=\"container\">\n\t\t\t\t\t<div class=\"e-con-inner\">\n\t\t\t\t<div class=\"elementor-element elementor-element-b361055 elementor-widget elementor-widget-text-editor\" data-id=\"b361055\" data-element_type=\"widget\" data-e-type=\"widget\" data-widget_type=\"text-editor.default\">\n\t\t\t\t<div class=\"elementor-widget-container\">\n\t\t\t\t\t\t\t\t\t<p>\u00a0HOMENAJE JAPAN 1937 &#8211; 1945 LAS MUJERES DE \u201cCONFORT\u201d:<br \/>\u00a0 \u00a0 &#8211; <a href=\"https:\/\/esnota.com\/2021\/10\/02\/las-mujeres-de-confort-las-400-000-esclavas-sexuales-que-japon-mantuvo-durante-la-segunda-guerra\/\" target=\"_blank\" rel=\"noopener\">DIARIOCONVOS<\/a><br \/>\u00a0 \u00a0 &#8211; <a href=\"https:\/\/www.bbc.com\/mundo\/media-40556204\" target=\"_blank\" rel=\"noopener\">BBC<\/a><br \/>\u00a0 \u00a0 &#8211; <a href=\"https:\/\/historia.nationalgeographic.com.es\/a\/esclavas-sexuales-ejercito-imperial-japones-durante-segunda-guerra-mundial_17360\" target=\"_blank\" rel=\"noopener\">NATIONAL GEOGRAPHICS<\/a><br \/><a href=\"https:\/\/marcha.org.ar\/afganistan-el-cuerpo-de-las-mujeres-como-botin-de-guerra\/\" target=\"_blank\" rel=\"noopener\">AFGANIST\u00c1N 2021<\/a><br \/><a href=\"https:\/\/www.elmundo.es\/internacional\/2014\/04\/24\/535964f4e2704e04248b4584.html\" target=\"_blank\" rel=\"noopener\">GUATEMALA 2014<\/a><br \/><a href=\"https:\/\/x.com\/lady_habsburg\/status\/1889828660175315389\" target=\"_blank\" rel=\"noopener\">MEDIO ORIENTE 2024<\/a><br \/><a href=\"https:\/\/www.huffingtonpost.es\/entry\/mujeres-como-botin-de-guerra_es_5cc34a6fe4b04eb7ff95b4e3.html\" target=\"_blank\" rel=\"noopener\">MUNDO ONU 2019<\/a><br \/><a href=\"https:\/\/vientosur.info\/Milenios-despues-la-mujer-sigue-siendo-botin-de-guerra-y-II\/\" target=\"_blank\" rel=\"noopener\">MUNDO ONU 2018<\/a><br \/><a href=\"https:\/\/news.un.org\/fr\/story\/2023\/05\/1135282\" target=\"_blank\" rel=\"noopener\">RDC 2023 UNITED NATIONS<\/a><br \/><a href=\"https:\/\/www.liberation.fr\/international\/afrique\/darfour-lonu-alerte-sur-lenlevement-et-lesclavage-de-femmes-et-de-filles-20231103_QQJGUEFUFNGCZIO2VDS4GQK46U\/\" target=\"_blank\" rel=\"noopener\">SOUDAN 2023<\/a><br \/><a href=\"https:\/\/www.lejdd.fr\/societe\/angleterre-le-scandale-des-viols-de-masse-par-des-gangs-pakistanais-eclate-au-grand-jour-153497\" target=\"_blank\" rel=\"noopener\">UK 2025 &#8211; PAKISTANIS \/ 20.000 LITTLE GIRLS<\/a><br \/><a href=\"https:\/\/x.com\/BC_BlackMiror\/status\/1868290133193105888\" target=\"_blank\" rel=\"noopener\">USA 1977 CATHY O\u2019BRIAN t\u00e9moin accuse Hillary Clinton<\/a><\/p>\t\t\t\t\t\t\t\t<\/div>\n\t\t\t\t<\/div>\n\t\t\t\t\t<\/div>\n\t\t\t\t<\/div>\n\t\t\t\t<\/div>\n\t\t","protected":false},"excerpt":{"rendered":"<p>PRENSA \/ MUJERES ESCLAVAS ADVERTENCIA &#8211; IMAGENES SENSIBLES. La violencia sexual es una pr\u00e1ctica de guerra y de terrorismo.Comisi\u00f3n de Cr\u00edmenes de Guerra de la ONU 2008 Resoluci\u00f3n 1820 :\u201cla violaci\u00f3n y otras formas de violencia sexual pueden constituir cr\u00edmenes de guerra,cr\u00edmenes contra la humanidad o un acto constitutivo de genocidio\u201d. \u00a0HOMENAJE JAPAN 1937 &#8211;&hellip;&nbsp;<a href=\"https:\/\/janca.com\/home\/silences-esclavas-sexuales\/\" rel=\"bookmark\">Leer m\u00e1s &raquo;<span class=\"screen-reader-text\">Silences_esclavas_sexuales<\/span><\/a><\/p>\n","protected":false},"author":1,"featured_media":0,"parent":0,"menu_order":0,"comment_status":"closed","ping_status":"closed","template":"page-templates\/template-pagebuilder-full-width.php","meta":{"neve_meta_sidebar":"","neve_meta_container":"","neve_meta_enable_content_width":"","neve_meta_content_width":0,"neve_meta_title_alignment":"","neve_meta_author_avatar":"","neve_post_elements_order":"","neve_meta_disable_header":"","neve_meta_disable_footer":"","neve_meta_disable_title":"","neve_meta_reading_time":"","_themeisle_gutenberg_block_has_review":false,"footnotes":""},"class_list":["post-4216","page","type-page","status-publish","hentry"],"_links":{"self":[{"href":"https:\/\/janca.com\/home\/wp-json\/wp\/v2\/pages\/4216","targetHints":{"allow":["GET"]}}],"collection":[{"href":"https:\/\/janca.com\/home\/wp-json\/wp\/v2\/pages"}],"about":[{"href":"https:\/\/janca.com\/home\/wp-json\/wp\/v2\/types\/page"}],"author":[{"embeddable":true,"href":"https:\/\/janca.com\/home\/wp-json\/wp\/v2\/users\/1"}],"replies":[{"embeddable":true,"href":"https:\/\/janca.com\/home\/wp-json\/wp\/v2\/comments?post=4216"}],"version-history":[{"count":4,"href":"https:\/\/janca.com\/home\/wp-json\/wp\/v2\/pages\/4216\/revisions"}],"predecessor-version":[{"id":4220,"href":"https:\/\/janca.com\/home\/wp-json\/wp\/v2\/pages\/4216\/revisions\/4220"}],"wp:attachment":[{"href":"https:\/\/janca.com\/home\/wp-json\/wp\/v2\/media?parent=4216"}],"curies":[{"name":"wp","href":"https:\/\/api.w.org\/{rel}","templated":true}]}}