{"id":3714,"date":"2025-04-25T09:53:25","date_gmt":"2025-04-25T09:53:25","guid":{"rendered":"https:\/\/janca.com\/home\/?page_id=3714"},"modified":"2025-04-25T12:58:28","modified_gmt":"2025-04-25T12:58:28","slug":"acto_vi_ref_historica","status":"publish","type":"page","link":"https:\/\/janca.com\/home\/acto_vi_ref_historica\/","title":{"rendered":"acto_vi_ref_historica"},"content":{"rendered":"\t\t<div data-elementor-type=\"wp-page\" data-elementor-id=\"3714\" class=\"elementor elementor-3714\">\n\t\t\t\t<div class=\"elementor-element elementor-element-7387574 e-flex e-con-boxed e-con e-parent\" data-id=\"7387574\" data-element_type=\"container\" data-e-type=\"container\">\n\t\t\t\t\t<div class=\"e-con-inner\">\n\t\t<div class=\"elementor-element elementor-element-f62228d e-con-full e-flex e-con e-child\" data-id=\"f62228d\" data-element_type=\"container\" data-e-type=\"container\">\n\t\t\t\t<div class=\"elementor-element elementor-element-b4b6806 elementor-widget elementor-widget-text-editor\" data-id=\"b4b6806\" data-element_type=\"widget\" data-e-type=\"widget\" data-widget_type=\"text-editor.default\">\n\t\t\t\t<div class=\"elementor-widget-container\">\n\t\t\t\t\t\t\t\t\t<h3 style=\"text-align: center;\"><strong>\u00a0 \u00a0 \u00a0 \u00a0 \u00a0 \u00a0 \u00a0 \u00a0 \u00a0 \u00a0 \u00a0 \u00a0 act VI : CARMEN<\/strong><\/h3>\t\t\t\t\t\t\t\t<\/div>\n\t\t\t\t<\/div>\n\t\t\t\t<\/div>\n\t\t<div class=\"elementor-element elementor-element-2e0c30d e-con-full e-flex e-con e-child\" data-id=\"2e0c30d\" data-element_type=\"container\" data-e-type=\"container\">\n\t\t\t\t<div class=\"elementor-element elementor-element-d38e049 elementor-widget elementor-widget-image\" data-id=\"d38e049\" data-element_type=\"widget\" data-e-type=\"widget\" data-widget_type=\"image.default\">\n\t\t\t\t<div class=\"elementor-widget-container\">\n\t\t\t\t\t\t\t\t\t\t\t\t\t\t\t\t<a href=\"https:\/\/janca.com\/home\/silences-actoivi\/\">\n\t\t\t\t\t\t\t<img decoding=\"async\" width=\"31\" height=\"23\" src=\"https:\/\/janca.com\/home\/wp-content\/uploads\/2025\/04\/fleizqamarilla.png\" class=\"attachment-thumbnail size-thumbnail wp-image-2750\" alt=\"\" \/>\t\t\t\t\t\t\t\t<\/a>\n\t\t\t\t\t\t\t\t\t\t\t\t\t\t\t<\/div>\n\t\t\t\t<\/div>\n\t\t\t\t<\/div>\n\t\t\t\t\t<\/div>\n\t\t\t\t<\/div>\n\t\t<div class=\"elementor-element elementor-element-19d7cde e-flex e-con-boxed e-con e-parent\" data-id=\"19d7cde\" data-element_type=\"container\" data-e-type=\"container\">\n\t\t\t\t\t<div class=\"e-con-inner\">\n\t\t<div class=\"elementor-element elementor-element-7fedbfb e-con-full e-flex e-con e-child\" data-id=\"7fedbfb\" data-element_type=\"container\" data-e-type=\"container\">\n\t\t\t\t<div class=\"elementor-element elementor-element-d65caff elementor-invisible elementor-widget elementor-widget-text-editor\" data-id=\"d65caff\" data-element_type=\"widget\" data-e-type=\"widget\" data-settings=\"{&quot;_animation&quot;:&quot;zoomIn&quot;}\" data-widget_type=\"text-editor.default\">\n\t\t\t\t<div class=\"elementor-widget-container\">\n\t\t\t\t\t\t\t\t\t<p style=\"text-align: center;\"><span style=\"color: #ff0000;\">ADVERTENCIA &#8211; <\/span><span style=\"color: #ff0000;\">IM\u00c1GENES SENSIBLES<\/span><\/p>\t\t\t\t\t\t\t\t<\/div>\n\t\t\t\t<\/div>\n\t\t\t\t<\/div>\n\t\t\t\t\t<\/div>\n\t\t\t\t<\/div>\n\t\t<div class=\"elementor-element elementor-element-839738b e-flex e-con-boxed e-con e-parent\" data-id=\"839738b\" data-element_type=\"container\" data-e-type=\"container\">\n\t\t\t\t\t<div class=\"e-con-inner\">\n\t\t\t\t<div class=\"elementor-element elementor-element-492db10 elementor-widget elementor-widget-text-editor\" data-id=\"492db10\" data-element_type=\"widget\" data-e-type=\"widget\" data-widget_type=\"text-editor.default\">\n\t\t\t\t<div class=\"elementor-widget-container\">\n\t\t\t\t\t\t\t\t\t<p style=\"text-align: center;\">VIOLACIONES SEXUALES<\/p>\t\t\t\t\t\t\t\t<\/div>\n\t\t\t\t<\/div>\n\t\t\t\t\t<\/div>\n\t\t\t\t<\/div>\n\t\t<div class=\"elementor-element elementor-element-8055f3e e-flex e-con-boxed e-con e-parent\" data-id=\"8055f3e\" data-element_type=\"container\" data-e-type=\"container\">\n\t\t\t\t\t<div class=\"e-con-inner\">\n\t\t\t\t<div class=\"elementor-element elementor-element-2f2f8b4 elementor-widget elementor-widget-text-editor\" data-id=\"2f2f8b4\" data-element_type=\"widget\" data-e-type=\"widget\" data-widget_type=\"text-editor.default\">\n\t\t\t\t<div class=\"elementor-widget-container\">\n\t\t\t\t\t\t\t\t\t<p style=\"text-align: center;\">La violencia sexual es una pr\u00e1ctica de guerra y de terrorismo.<br \/>Comisi\u00f3n de Cr\u00edmenes de Guerra de la ONU 2008 Resoluci\u00f3n 1820 :<br \/>\u201cla violaci\u00f3n y otras formas de violencia sexual pueden constituir cr\u00edmenes de guerra,<br \/>cr\u00edmenes contra la humanidad o un acto constitutivo de genocidio\u201d.<\/p>\t\t\t\t\t\t\t\t<\/div>\n\t\t\t\t<\/div>\n\t\t\t\t\t<\/div>\n\t\t\t\t<\/div>\n\t\t<div class=\"elementor-element elementor-element-ff8adb6 e-flex e-con-boxed e-con e-parent\" data-id=\"ff8adb6\" data-element_type=\"container\" data-e-type=\"container\">\n\t\t\t\t\t<div class=\"e-con-inner\">\n\t\t\t\t<div class=\"elementor-element elementor-element-181af24 elementor-widget elementor-widget-text-editor\" data-id=\"181af24\" data-element_type=\"widget\" data-e-type=\"widget\" data-widget_type=\"text-editor.default\">\n\t\t\t\t<div class=\"elementor-widget-container\">\n\t\t\t\t\t\t\t\t\t<p style=\"text-align: left;\"><a href=\"https:\/\/cpj.org\/fr\/2011\/06\/lagression-sexuelle-contre-les-journalistes-le-cri\/\" target=\"_blank\" rel=\"noopener\">COLOMBIA 2011 &#8211; Periodista JINETH BEDOYA &#8211; COL<\/a><br \/><a href=\"https:\/\/x.com\/DiggingInTheDi1\/status\/1896587791481577980\" target=\"_blank\" rel=\"noopener\">EGYPTE 2025 &#8211; El taharrush<\/a> <br \/><a href=\"https:\/\/www.slate.fr\/lien\/46703\/journalistes-agression-sexuelle-tahrir\" target=\"_blank\" rel=\"noopener\">EGYPTE 2011 &#8211; periodista CAROLINE SINZ &#8211; FR<\/a><br \/><a href=\"https:\/\/www.marieclaire.fr\/,agression-lara-logan-egypte,20123,398348.asp\" target=\"_blank\" rel=\"noopener\">EGYPTE 2011 &#8211; periodista LARA LOGAN &#8211; South Afr<\/a><br \/><a href=\"https:\/\/www.20minutes.fr\/monde\/670551-20110216-monde-une-journaliste-cbs-battue-agressee-sexuellement-egypte\" target=\"_blank\" rel=\"noopener\">EGYPTE 2011 &#8211; periodista LARA LOGAN &#8211; South Afr<\/a><br \/><a href=\"https:\/\/www.marieclaire.fr\/,agression-lara-logan-egypte,20123,398348.asp\" target=\"_blank\" rel=\"noopener\">EGYPTE 2011 &#8211; periodista LARA LOGAN &#8211; South Afr<\/a> <br \/><a href=\"https:\/\/www.slate.fr\/lien\/46703\/journalistes-agression-sexuelle-tahrir\" target=\"_blank\" rel=\"noopener\">EGYPTE 2011 &#8211; periodista CAROLINE SINZ &#8211; FR<\/a><\/p>\t\t\t\t\t\t\t\t<\/div>\n\t\t\t\t<\/div>\n\t\t\t\t\t<\/div>\n\t\t\t\t<\/div>\n\t\t\t\t<\/div>\n\t\t","protected":false},"excerpt":{"rendered":"<p>\u00a0 \u00a0 \u00a0 \u00a0 \u00a0 \u00a0 \u00a0 \u00a0 \u00a0 \u00a0 \u00a0 \u00a0 act VI : CARMEN ADVERTENCIA &#8211; IM\u00c1GENES SENSIBLES VIOLACIONES SEXUALES La violencia sexual es una pr\u00e1ctica de guerra y de terrorismo.Comisi\u00f3n de Cr\u00edmenes de Guerra de la ONU 2008 Resoluci\u00f3n 1820 :\u201cla violaci\u00f3n y otras formas de violencia sexual pueden constituir cr\u00edmenes de&hellip;&nbsp;<a href=\"https:\/\/janca.com\/home\/acto_vi_ref_historica\/\" rel=\"bookmark\">Leer m\u00e1s &raquo;<span class=\"screen-reader-text\">acto_vi_ref_historica<\/span><\/a><\/p>\n","protected":false},"author":1,"featured_media":0,"parent":0,"menu_order":0,"comment_status":"closed","ping_status":"closed","template":"page-templates\/template-pagebuilder-full-width.php","meta":{"neve_meta_sidebar":"","neve_meta_container":"","neve_meta_enable_content_width":"","neve_meta_content_width":0,"neve_meta_title_alignment":"","neve_meta_author_avatar":"","neve_post_elements_order":"","neve_meta_disable_header":"","neve_meta_disable_footer":"","neve_meta_disable_title":"","neve_meta_reading_time":"","_themeisle_gutenberg_block_has_review":false,"footnotes":""},"class_list":["post-3714","page","type-page","status-publish","hentry"],"_links":{"self":[{"href":"https:\/\/janca.com\/home\/wp-json\/wp\/v2\/pages\/3714","targetHints":{"allow":["GET"]}}],"collection":[{"href":"https:\/\/janca.com\/home\/wp-json\/wp\/v2\/pages"}],"about":[{"href":"https:\/\/janca.com\/home\/wp-json\/wp\/v2\/types\/page"}],"author":[{"embeddable":true,"href":"https:\/\/janca.com\/home\/wp-json\/wp\/v2\/users\/1"}],"replies":[{"embeddable":true,"href":"https:\/\/janca.com\/home\/wp-json\/wp\/v2\/comments?post=3714"}],"version-history":[{"count":10,"href":"https:\/\/janca.com\/home\/wp-json\/wp\/v2\/pages\/3714\/revisions"}],"predecessor-version":[{"id":3803,"href":"https:\/\/janca.com\/home\/wp-json\/wp\/v2\/pages\/3714\/revisions\/3803"}],"wp:attachment":[{"href":"https:\/\/janca.com\/home\/wp-json\/wp\/v2\/media?parent=3714"}],"curies":[{"name":"wp","href":"https:\/\/api.w.org\/{rel}","templated":true}]}}